{"id":1588,"date":"2025-06-17T16:13:09","date_gmt":"2025-06-17T07:13:09","guid":{"rendered":"https:\/\/www.nikkeiagri.jp\/form\/?page_id=1588"},"modified":"2025-07-08T10:49:20","modified_gmt":"2025-07-08T01:49:20","slug":"submission-form-2025","status":"publish","type":"page","link":"https:\/\/www.nikkeiagri.jp\/form\/submission-form-2025\/","title":{"rendered":"Submission Form 2025 \/ \u63d0\u51fa\u30d5\u30a9\u30fc\u30e0"},"content":{"rendered":"<p>[mwform_formkey key=&#8221;1585&#8243;]<\/p>\n\n\n\n<pre class=\"wp-block-preformatted\"><strong>Projeto de Fortalecimento de Coopera\u00e7\u00e3o e Gera\u00e7\u00e3o de Neg\u00f3cios dos Agricultores Nikkeis da Am\u00e9rica Latina 2025-26<\/strong><br><strong>Proyecto de Fortalecimiento de Cooperaci\u00f3n y Generaci\u00f3n de Negocios de los Agricultores Nikkeis de Am\u00e9rica Latina <strong>2025-26<\/strong><\/strong><br><strong>\u4ee4\u548c7\u5e74\u5ea6 \u4e2d\u5357\u7c73\u65e5\u7cfb\u8fb2\u696d\u8005\u7b49\u3068\u306e\u9023\u643a\u5f37\u5316\u30fb\u30d3\u30b8\u30cd\u30b9\u5275\u51fa\u59d4\u8a17\u4e8b\u696d<\/strong><br><br><strong>CKC Brasil (S\u00e3o Paulo)<\/strong><br>TEL +55-11-3208-9610<br>E-Mail: nikkeiagri@ckcbrasil.com.br<br><br><strong>CKC Japan<\/strong><br>Global Center<br>Email: nikkeiagri@ckcnet.co.jp<\/pre>\n","protected":false},"excerpt":{"rendered":"<p>Projeto de Fortalecimento de Coopera\u00e7\u00e3o e Gera\u00e7\u00e3o de Neg\u00f3cios dos Agricultores Nikkeis da Am\u00e9rica Latina 2025- [&hellip;]<\/p>\n","protected":false},"author":1,"featured_media":0,"parent":0,"menu_order":0,"comment_status":"closed","ping_status":"closed","template":"","meta":{"footnotes":""},"class_list":["post-1588","page","type-page","status-publish","hentry"],"_links":{"self":[{"href":"https:\/\/www.nikkeiagri.jp\/form\/wp-json\/wp\/v2\/pages\/1588","targetHints":{"allow":["GET"]}}],"collection":[{"href":"https:\/\/www.nikkeiagri.jp\/form\/wp-json\/wp\/v2\/pages"}],"about":[{"href":"https:\/\/www.nikkeiagri.jp\/form\/wp-json\/wp\/v2\/types\/page"}],"author":[{"embeddable":true,"href":"https:\/\/www.nikkeiagri.jp\/form\/wp-json\/wp\/v2\/users\/1"}],"replies":[{"embeddable":true,"href":"https:\/\/www.nikkeiagri.jp\/form\/wp-json\/wp\/v2\/comments?post=1588"}],"version-history":[{"count":2,"href":"https:\/\/www.nikkeiagri.jp\/form\/wp-json\/wp\/v2\/pages\/1588\/revisions"}],"predecessor-version":[{"id":1593,"href":"https:\/\/www.nikkeiagri.jp\/form\/wp-json\/wp\/v2\/pages\/1588\/revisions\/1593"}],"wp:attachment":[{"href":"https:\/\/www.nikkeiagri.jp\/form\/wp-json\/wp\/v2\/media?parent=1588"}],"curies":[{"name":"wp","href":"https:\/\/api.w.org\/{rel}","templated":true}]}}